{"id":2898,"date":"2025-02-21T10:14:51","date_gmt":"2025-02-21T09:14:51","guid":{"rendered":"https:\/\/www.tzdo.de\/?page_id=2898"},"modified":"2026-04-21T13:37:45","modified_gmt":"2026-04-21T11:37:45","slug":"newsletter","status":"publish","type":"page","link":"https:\/\/www.tzdo.de\/en\/newsletter\/","title":{"rendered":"Newsletter"},"content":{"rendered":"<section class=\"l-section wpb_row height_large\" id=\"kontakt\"><div class=\"l-section-h i-cf\"><div class=\"g-cols vc_row via_grid cols_custom laptops-cols_inherit tablets-cols_inherit mobiles-cols_1 valign_top type_default stacking_default\" style=\"--custom-columns:2fr 2fr\"><div class=\"wpb_column vc_column_container\"><div class=\"vc_column-inner\"><div class=\"wpb_text_column us_custom_edb423b1\"><div class=\"wpb_wrapper\"><h1>Newsletter<\/h1>\n<\/div><\/div><div class=\"wpb_text_column\"><div class=\"wpb_wrapper\"><p>Melden Sie sich f\u00fcr den aktuellen TZDO-Newsletter an. Wir informieren Sie monatlich \u00fcber aktuelle Themen aus dem TechnologieZentrumDortmund und vom Standort Dortmund. Wir halten Sie \u00fcber aktuelle Entwicklungen, Unternehmensnews und Veranstaltungen auf dem Laufenden.<\/p>\n<p>Auf dieser Seite k\u00f6nnen Sie sich schnell und einfach f\u00fcr unseren Newsletter anmelden.<\/p>\n<p><span>Hier finden Sie die <a href=\"https:\/\/180021.seu2.cleverreach.com\/m\/16620886\">aktuelle Ausgabe<\/a> des <\/span>TZDO-Newsletters.<\/p>\n<\/div><\/div><\/div><\/div><div class=\"wpb_column vc_column_container\"><div class=\"vc_column-inner\"><div class=\"w-html\"><script>\nfunction loadjQuery(e,t){var n=document.createElement(\"script\");n.setAttribute(\"src\",e);n.onload=t;n.onreadystatechange=function(){if(this.readyState==\"complete\"||this.readyState==\"loaded\")t()};document.getElementsByTagName(\"head\")[0].appendChild(n)}function main(){\nvar $cr=jQuery.noConflict();var old_src;$cr(document).ready(function(){$cr(\".cr_form\").submit(function(){$cr(this).find('.clever_form_error').removeClass('clever_form_error');$cr(this).find('.clever_form_note').remove();$cr(this).find(\".musthave\").find('input, textarea').each(function(){if(jQuery.trim($cr(this).val())==\"\"||($cr(this).is(':checkbox'))||($cr(this).is(':radio'))){if($cr(this).is(':checkbox')||($cr(this).is(':radio'))){if(!$cr(this).parents(\".cr_ipe_item\").find(\":checked\").is(\":checked\")){$cr(this).parents(\".cr_ipe_item\").addClass('clever_form_error')}}else{$cr(this).addClass('clever_form_error')}}});if($cr(this).attr(\"action\").search(document.domain)>0&&$cr(\".cr_form\").attr(\"action\").search(\"wcs\")>0){var cr_email=$cr(this).find('input[name=email]');var unsub=false;if($cr(\"input['name=cr_subunsubscribe'][value='false']\").length){if($cr(\"input['name=cr_subunsubscribe'][value='false']\").is(\":checked\")){unsub=true}}if(cr_email.val()&&!unsub){$cr.ajax({type:\"GET\",url:$cr(\".cr_form\").attr(\"action\").replace(\"wcs\",\"check_email\")+window.btoa($cr(this).find('input[name=email]').val()),success:function(data){if(data){cr_email.addClass('clever_form_error').before(\"<div class='clever_form_note cr_font'>\"+data+\"<\/div>\");return false}},async:false})}var cr_captcha=$cr(this).find('input[name=captcha]');if(cr_captcha.val()){$cr.ajax({type:\"GET\",url:$cr(\".cr_form\").attr(\"action\").replace(\"wcs\",\"check_captcha\")+$cr(this).find('input[name=captcha]').val(),success:function(data){if(data){cr_captcha.addClass('clever_form_error').after(\"<div style='display:block' class='clever_form_note cr_font'>\"+data+\"<\/div>\");return false}},async:false})}}if($cr(this).find('.clever_form_error').length){return false}return true});$cr('input[class*=\"cr_number\"]').change(function(){if(isNaN($cr(this).val())){$cr(this).val(1)}if($cr(this).attr(\"min\")){if(($cr(this).val()*1)<($cr(this).attr(\"min\")*1)){$cr(this).val($cr(this).attr(\"min\"))}}if($cr(this).attr(\"max\")){if(($cr(this).val()*1)>($cr(this).attr(\"max\")*1)){$cr(this).val($cr(this).attr(\"max\"))}}});old_src=$cr(\"div[rel='captcha'] img:not(.captcha2_reload)\").attr(\"src\");if($cr(\"div[rel='captcha'] img:not(.captcha2_reload)\").length!=0){captcha_reload()}});function captcha_reload(){var timestamp=new Date().getTime();$cr(\"div[rel='captcha'] img:not(.captcha2_reload)\").attr(\"src\",\"\");$cr(\"div[rel='captcha'] img:not(.captcha2_reload)\").attr(\"src\",old_src+\"?t=\"+timestamp);return false}\n\n}\nif(typeof jQuery===\"undefined\"){loadjQuery(\"\/\/ajax.googleapis.com\/ajax\/libs\/jquery\/1.4.4\/jquery.min.js\",main)}else{main()}\n\n<\/script>\n\n\n\n<form class=\"layout_form cr_form cr_font\" action=\"https:\/\/seu2.cleverreach.com\/f\/180021-407503\/wcs\/\" method=\"post\" target=\"_blank\">\n\t<div class=\"cr_body cr_page cr_font formbox\">\n\t\t<div class=\"non_sortable\" style=\"text-align:left;\">\n\t\t\t\n\t\t<\/div>\n\t\t\n\t\t<div class=\"editable_content\" style=\"text-align:left;\">\n\t\t<div id=\"9276030\" rel=\"email\" class=\"cr_ipe_item ui-sortable musthave\" style=\"margin-bottom:15px;\">\n<label for=\"text9276030\" class=\"itemname\">E-Mail*<\/label> <input id=\"text9276030\" name=\"email\" value=\"\" type=\"text\" style=\"width:100%;\" \/>\n<\/div><div id=\"9276053\" rel=\"select\" class=\"cr_ipe_item ui-sortable\" style=\" margin-bottom:15px;\">\n<label for=\"select_9276053\" class=\"itemname\">Anrede<\/label> <select id=\"select_9276053\" class=\"cr_font\" name=\"1078613\" style=\"width:100%;\" >\n\n<option value=\"Frau\" >Frau<\/option>\n\n<option value=\"Herr\" >Herr<\/option>\n<\/select>\n<\/div><div id=\"9276055\" rel=\"text\" class=\"cr_ipe_item ui-sortable\" style=\" margin-bottom:15px;\">\n<label for=\"text9276055\" class=\"itemname\">Titel<\/label> <input id=\"text9276055\" name=\"1078614\" type=\"text\" value=\"\" style=\"width:100%;\" \/>\n<\/div><div id=\"9276056\" rel=\"text\" class=\"cr_ipe_item ui-sortable\" style=\" margin-bottom:15px;\">\n<label for=\"text9276056\" class=\"itemname\">Vorname<\/label> <input id=\"text9276056\" name=\"1078612\" type=\"text\" value=\"\" style=\"width:100%;\" \/>\n<\/div><div id=\"9276057\" rel=\"text\" class=\"cr_ipe_item ui-sortable\" style=\" margin-bottom:15px;\">\n<label for=\"text9276057\" class=\"itemname\">Nachname<\/label> <input id=\"text9276057\" name=\"1078611\" type=\"text\" value=\"\" style=\"width:100%;\" \/>\n<\/div><div id=\"9276058\" rel=\"text\" class=\"cr_ipe_item ui-sortable\" style=\" margin-bottom:20px;\">\n<label for=\"text9276058\" class=\"itemname\">Unternehmen<\/label> <input id=\"text9276058\" name=\"1078615\" type=\"text\" value=\"\" style=\"width:100%;\" \/>\n<\/div><div id=\"9276374\" rel=\"checkbox\" class=\"cr_ipe_item ui-sortable musthave\" style=\" margin-bottom:10px;\">\n<label class=\"itemname\">Datenschutz*<\/label>\n<div style=\"overflow:auto;\">\n\n<style>input[type=\"checkbox\"]:before {visibility: hidden !important; } <\/style>\n\n<input style=\"-webkit-appearance: auto!Important; appearance: auto!Important;\" id=\"Mit dem Versand des Formulars best\u00e4tige ich, dass ich die Datenschutzerkl\u00e4rung gelesen habe und akzeptiere diese. Ich erkl\u00e4re mich weiter damit einverstanden, dass meine eingesandten Daten zum Beantworten der Anfrage gespeichert und verarbeitet werden.9276374\" class=\"cr_ipe_checkbox ecjoveride\" name=\"1183086[]\" value=\"Mit dem Versand des Formulars best\u00e4tige ich, dass ich die Datenschutzerkl\u00e4rung gelesen habe und akzeptiere diese. Ich erkl\u00e4re mich weiter damit einverstanden, dass meine eingesandten Daten zum Beantworten der Anfrage gespeichert und verarbeitet werden.\" type=\"checkbox\"  \/>Mit dem Versand des Formulars best\u00e4tige ich, dass ich die Datenschutzerkl\u00e4rung gelesen habe. Ich willige ein, dass meine angegebenen personenbezogenen Daten zum Zweck der Bearbeitung meiner Anfrage gespeichert und verarbeitet werden. Die Einwilligung kann ich jederzeit mit Wirkung f\u00fcr die Zukunft widerrufen. Weitere Informationen finde ich in der Datenschutzerkl\u00e4rung.&nbsp;\n\n<\/div>\n<br style=\"clear:left;\" \/>\n<\/div><div id=\"9276060\" rel=\"button\" class=\"cr_ipe_item ui-sortable submit_container\" style=\"text-align:center; margin-bottom:px;\">\n<button type=\"submit\" class=\"cr_button\">Anmelden<\/button>\n<\/div>\n        <\/div>\n        \n\t<noscript><a href=\"http:\/\/www.cleverreach.de\">www.CleverReach.de<\/a><\/noscript>\n    <\/div>\n\n    \n<\/form><\/div><\/div><\/div><\/div><\/div><\/section><section class=\"l-section wpb_row height_large width_full with_img\"><div class=\"l-section-img\" role=\"img\" aria-label=\"Image\" data-img-width=\"3124\" data-img-height=\"1302\" style=\"background-image: url(https:\/\/www.tzdo.de\/wp-content\/uploads\/Bildschirmfoto-2024-04-04-um-16.21.41.png);background-repeat: no-repeat;\"><\/div><div class=\"l-section-overlay\" style=\"background:rgba(255,255,255,0.70)\"><\/div><div class=\"l-section-h i-cf\"><div class=\"g-cols vc_row via_grid cols_1 laptops-cols_inherit tablets-cols_inherit mobiles-cols_1 valign_middle type_default stacking_default\"><div class=\"wpb_column vc_column_container\"><div class=\"vc_column-inner\"><div class=\"w-separator size_custom\" style=\"height:28vh\"><\/div><\/div><\/div><\/div><\/div><\/section><section class=\"l-section wpb_row height_auto width_custom\" style=\"--site-content-width:1060px;\"><div class=\"l-section-h i-cf\"><div class=\"g-cols vc_row via_grid cols_1 laptops-cols_inherit tablets-cols_inherit mobiles-cols_1 valign_top type_default stacking_default\"><div data-us-scroll=\"{&quot;from_initial_position&quot;:&quot;0&quot;,&quot;start_position&quot;:&quot;0%&quot;,&quot;end_position&quot;:&quot;50%&quot;,&quot;delay&quot;:&quot;0s&quot;,&quot;opacity_direction&quot;:&quot;out-in&quot;}\" class=\"wpb_column vc_column_container us_custom_5283602c has_scroll_effects has_opacity\"><div class=\"vc_column-inner\"><div class=\"g-cols wpb_row us_custom_54f1111c via_grid cols_2-3 laptops-cols_inherit tablets-cols_inherit mobiles-cols_1 valign_top type_default stacking_default\" style=\"--columns-gap:0.5rem;\"><div class=\"wpb_column vc_column_container us_custom_5ddb2b96 has_bg_color\"><div class=\"vc_column-inner\"><\/div><\/div><div class=\"wpb_column vc_column_container us_custom_7e3cca0a\"><div class=\"vc_column-inner\"><div class=\"w-separator size_small\"><\/div><div class=\"wpb_text_column\"><div class=\"wpb_wrapper\"><h2>Anfahrt<\/h2>\n<p>TechnologieZentrumDortmund GmbH<br \/>\nEmil-Figge-Stra\u00dfe 80<br \/>\n44227 Dortmund<\/p>\n<\/div><\/div><div class=\"w-separator size_small\"><\/div><div class=\"w-btn-wrapper align_none\"><a class=\"w-btn us-btn-style_1\" target=\"_blank\" href=\"https:\/\/www.google.de\/maps\/place\/TechnologieZentrumDortmund+GmbH\/@51.4929338,7.4038061,16z\/data=!3m1!4b1!4m6!3m5!1s0x47b919ad137b443f:0xc73f6af4f8d40c39!8m2!3d51.4929338!4d7.406381!16s\/g\/1tg14tww?entry=ttu\"><span class=\"w-btn-label\">Route planen<\/span><\/a><\/div><div class=\"w-separator size_small\"><\/div><\/div><\/div><\/div><\/div><\/div><\/div><\/div><\/section>\n","protected":false},"excerpt":{"rendered":"Newsletter Sign up for the latest TZDO newsletter. We will inform you monthly about current topics from the TechnologieZentrumDortmund and the Dortmund location. We will keep you up to date on current developments, company news and events. You can register for our newsletter quickly and easily on this page. Here you will find the current issue of the...","protected":false},"author":8,"featured_media":0,"parent":0,"menu_order":0,"comment_status":"closed","ping_status":"closed","template":"","meta":{"_acf_changed":false,"footnotes":""},"class_list":["post-2898","page","type-page","status-publish","hentry"],"acf":[],"yoast_head":"<!-- This site is optimized with the Yoast SEO plugin v27.5 - https:\/\/yoast.com\/product\/yoast-seo-wordpress\/ -->\n<title>Newsletter - TechnologieZentrumDortmund<\/title>\n<meta name=\"description\" content=\"Melden Sie sich f\u00fcr den aktuellen TZDO-Newsletter an. Wir informieren Sie monatlich \u00fcber aktuelle Themen aus dem TZDO und vom Standort Dortmund.\" \/>\n<meta name=\"robots\" content=\"index, follow, max-snippet:-1, max-image-preview:large, max-video-preview:-1\" \/>\n<link rel=\"canonical\" href=\"https:\/\/www.tzdo.de\/en\/newsletter\/\" \/>\n<meta property=\"og:locale\" content=\"en_GB\" \/>\n<meta property=\"og:type\" content=\"article\" \/>\n<meta property=\"og:title\" content=\"Newsletter - TechnologieZentrumDortmund\" \/>\n<meta property=\"og:description\" content=\"Melden Sie sich f\u00fcr den aktuellen TZDO-Newsletter an. Wir informieren Sie monatlich \u00fcber aktuelle Themen aus dem TZDO und vom Standort Dortmund.\" \/>\n<meta property=\"og:url\" content=\"https:\/\/www.tzdo.de\/en\/newsletter\/\" \/>\n<meta property=\"og:site_name\" content=\"TechnologieZentrumDortmund\" \/>\n<meta property=\"article:publisher\" content=\"https:\/\/www.facebook.com\/TZDortmund\/\" \/>\n<meta property=\"article:modified_time\" content=\"2026-04-21T11:37:45+00:00\" \/>\n<meta name=\"twitter:card\" content=\"summary_large_image\" \/>\n<meta name=\"twitter:label1\" content=\"Estimated reading time\" \/>\n\t<meta name=\"twitter:data1\" content=\"1 minute\" \/>\n<script type=\"application\/ld+json\" class=\"yoast-schema-graph\">{\"@context\":\"https:\\\/\\\/schema.org\",\"@graph\":[{\"@type\":\"WebPage\",\"@id\":\"https:\\\/\\\/www.tzdo.de\\\/newsletter\\\/\",\"url\":\"https:\\\/\\\/www.tzdo.de\\\/newsletter\\\/\",\"name\":\"Newsletter - TechnologieZentrumDortmund\",\"isPartOf\":{\"@id\":\"https:\\\/\\\/www.tzdo.de\\\/#website\"},\"datePublished\":\"2025-02-21T09:14:51+00:00\",\"dateModified\":\"2026-04-21T11:37:45+00:00\",\"description\":\"Melden Sie sich f\u00fcr den aktuellen TZDO-Newsletter an. Wir informieren Sie monatlich \u00fcber aktuelle Themen aus dem TZDO und vom Standort Dortmund.\",\"breadcrumb\":{\"@id\":\"https:\\\/\\\/www.tzdo.de\\\/newsletter\\\/#breadcrumb\"},\"inLanguage\":\"en-GB\",\"potentialAction\":[{\"@type\":\"ReadAction\",\"target\":[\"https:\\\/\\\/www.tzdo.de\\\/newsletter\\\/\"]}]},{\"@type\":\"BreadcrumbList\",\"@id\":\"https:\\\/\\\/www.tzdo.de\\\/newsletter\\\/#breadcrumb\",\"itemListElement\":[{\"@type\":\"ListItem\",\"position\":1,\"name\":\"Startseite\",\"item\":\"https:\\\/\\\/www.tzdo.de\\\/\"},{\"@type\":\"ListItem\",\"position\":2,\"name\":\"Newsletter\"}]},{\"@type\":\"WebSite\",\"@id\":\"https:\\\/\\\/www.tzdo.de\\\/#website\",\"url\":\"https:\\\/\\\/www.tzdo.de\\\/\",\"name\":\"TechnologieZentrumDortmund\",\"description\":\"\",\"publisher\":{\"@id\":\"https:\\\/\\\/www.tzdo.de\\\/#organization\"},\"potentialAction\":[{\"@type\":\"SearchAction\",\"target\":{\"@type\":\"EntryPoint\",\"urlTemplate\":\"https:\\\/\\\/www.tzdo.de\\\/?s={search_term_string}\"},\"query-input\":{\"@type\":\"PropertyValueSpecification\",\"valueRequired\":true,\"valueName\":\"search_term_string\"}}],\"inLanguage\":\"en-GB\"},{\"@type\":\"Organization\",\"@id\":\"https:\\\/\\\/www.tzdo.de\\\/#organization\",\"name\":\"TechnologieZentrumDortmund\",\"url\":\"https:\\\/\\\/www.tzdo.de\\\/\",\"logo\":{\"@type\":\"ImageObject\",\"inLanguage\":\"en-GB\",\"@id\":\"https:\\\/\\\/www.tzdo.de\\\/#\\\/schema\\\/logo\\\/image\\\/\",\"url\":\"https:\\\/\\\/www.tzdo.de\\\/wp-content\\\/uploads\\\/TZDO_Logo_RGB.png\",\"contentUrl\":\"https:\\\/\\\/www.tzdo.de\\\/wp-content\\\/uploads\\\/TZDO_Logo_RGB.png\",\"width\":604,\"height\":454,\"caption\":\"TechnologieZentrumDortmund\"},\"image\":{\"@id\":\"https:\\\/\\\/www.tzdo.de\\\/#\\\/schema\\\/logo\\\/image\\\/\"},\"sameAs\":[\"https:\\\/\\\/www.facebook.com\\\/TZDortmund\\\/\",\"https:\\\/\\\/www.instagram.com\\\/technologiezentrumdortmund\\\/\"]}]}<\/script>\n<!-- \/ Yoast SEO plugin. -->","yoast_head_json":{"title":"Newsletter - TechnologieZentrumDortmund","description":"Sign up for the current TZDO newsletter. We will inform you monthly about current topics from TZDO and the Dortmund site.","robots":{"index":"index","follow":"follow","max-snippet":"max-snippet:-1","max-image-preview":"max-image-preview:large","max-video-preview":"max-video-preview:-1"},"canonical":"https:\/\/www.tzdo.de\/en\/newsletter\/","og_locale":"en_GB","og_type":"article","og_title":"Newsletter - TechnologieZentrumDortmund","og_description":"Melden Sie sich f\u00fcr den aktuellen TZDO-Newsletter an. Wir informieren Sie monatlich \u00fcber aktuelle Themen aus dem TZDO und vom Standort Dortmund.","og_url":"https:\/\/www.tzdo.de\/en\/newsletter\/","og_site_name":"TechnologieZentrumDortmund","article_publisher":"https:\/\/www.facebook.com\/TZDortmund\/","article_modified_time":"2026-04-21T11:37:45+00:00","twitter_card":"summary_large_image","twitter_misc":{"Estimated reading time":"1 minute"},"schema":{"@context":"https:\/\/schema.org","@graph":[{"@type":"WebPage","@id":"https:\/\/www.tzdo.de\/newsletter\/","url":"https:\/\/www.tzdo.de\/newsletter\/","name":"Newsletter - TechnologieZentrumDortmund","isPartOf":{"@id":"https:\/\/www.tzdo.de\/#website"},"datePublished":"2025-02-21T09:14:51+00:00","dateModified":"2026-04-21T11:37:45+00:00","description":"Sign up for the current TZDO newsletter. We will inform you monthly about current topics from TZDO and the Dortmund site.","breadcrumb":{"@id":"https:\/\/www.tzdo.de\/newsletter\/#breadcrumb"},"inLanguage":"en-GB","potentialAction":[{"@type":"ReadAction","target":["https:\/\/www.tzdo.de\/newsletter\/"]}]},{"@type":"BreadcrumbList","@id":"https:\/\/www.tzdo.de\/newsletter\/#breadcrumb","itemListElement":[{"@type":"ListItem","position":1,"name":"Startseite","item":"https:\/\/www.tzdo.de\/"},{"@type":"ListItem","position":2,"name":"Newsletter"}]},{"@type":"WebSite","@id":"https:\/\/www.tzdo.de\/#website","url":"https:\/\/www.tzdo.de\/","name":"TechnologieZentrumDortmund","description":"","publisher":{"@id":"https:\/\/www.tzdo.de\/#organization"},"potentialAction":[{"@type":"SearchAction","target":{"@type":"EntryPoint","urlTemplate":"https:\/\/www.tzdo.de\/?s={search_term_string}"},"query-input":{"@type":"PropertyValueSpecification","valueRequired":true,"valueName":"search_term_string"}}],"inLanguage":"en-GB"},{"@type":"Organization","@id":"https:\/\/www.tzdo.de\/#organization","name":"TechnologieZentrumDortmund","url":"https:\/\/www.tzdo.de\/","logo":{"@type":"ImageObject","inLanguage":"en-GB","@id":"https:\/\/www.tzdo.de\/#\/schema\/logo\/image\/","url":"https:\/\/www.tzdo.de\/wp-content\/uploads\/TZDO_Logo_RGB.png","contentUrl":"https:\/\/www.tzdo.de\/wp-content\/uploads\/TZDO_Logo_RGB.png","width":604,"height":454,"caption":"TechnologieZentrumDortmund"},"image":{"@id":"https:\/\/www.tzdo.de\/#\/schema\/logo\/image\/"},"sameAs":["https:\/\/www.facebook.com\/TZDortmund\/","https:\/\/www.instagram.com\/technologiezentrumdortmund\/"]}]}},"_links":{"self":[{"href":"https:\/\/www.tzdo.de\/en\/wp-json\/wp\/v2\/pages\/2898","targetHints":{"allow":["GET"]}}],"collection":[{"href":"https:\/\/www.tzdo.de\/en\/wp-json\/wp\/v2\/pages"}],"about":[{"href":"https:\/\/www.tzdo.de\/en\/wp-json\/wp\/v2\/types\/page"}],"author":[{"embeddable":true,"href":"https:\/\/www.tzdo.de\/en\/wp-json\/wp\/v2\/users\/8"}],"replies":[{"embeddable":true,"href":"https:\/\/www.tzdo.de\/en\/wp-json\/wp\/v2\/comments?post=2898"}],"version-history":[{"count":57,"href":"https:\/\/www.tzdo.de\/en\/wp-json\/wp\/v2\/pages\/2898\/revisions"}],"predecessor-version":[{"id":4596,"href":"https:\/\/www.tzdo.de\/en\/wp-json\/wp\/v2\/pages\/2898\/revisions\/4596"}],"wp:attachment":[{"href":"https:\/\/www.tzdo.de\/en\/wp-json\/wp\/v2\/media?parent=2898"}],"curies":[{"name":"wp","href":"https:\/\/api.w.org\/{rel}","templated":true}]}}