{"id":470,"date":"2024-05-16T09:52:41","date_gmt":"2024-05-16T07:52:41","guid":{"rendered":"https:\/\/tz.mosaik-management.de\/?page_id=470"},"modified":"2024-11-13T10:28:19","modified_gmt":"2024-11-13T09:28:19","slug":"kontakt","status":"publish","type":"page","link":"https:\/\/www.tzdo.de\/en\/kontakt\/","title":{"rendered":"Contact us"},"content":{"rendered":"<section class=\"l-section wpb_row height_large\" id=\"kontakt\"><div class=\"l-section-h i-cf\"><div class=\"g-cols vc_row via_grid cols_custom laptops-cols_inherit tablets-cols_inherit mobiles-cols_1 valign_top type_default stacking_default\" style=\"--custom-columns:1fr 4fr 1fr \"><div class=\"wpb_column vc_column_container\"><div class=\"vc_column-inner\"><\/div><\/div><div class=\"wpb_column vc_column_container\"><div class=\"vc_column-inner\"><div class=\"wpb_text_column us_custom_edb423b1\"><div class=\"wpb_wrapper\"><h1>Kontaktieren Sie uns:<\/h1>\n<\/div><\/div><div class=\"wpb_text_column\"><div class=\"wpb_wrapper\"><p>Nehmen Sie jederzeit gerne Kontakt zu uns auf.<br \/>\nWir melden uns schnellstm\u00f6glich bei Ihnen.<\/p>\n<\/div><\/div><style id=\"wpforms-css-vars-472\">\n\t\t\t\t#wpforms-472 {\n\t\t\t\t\n\t\t\t}\n\t\t\t<\/style><div class=\"wpforms-container wpforms-container-full wpforms-render-modern\" id=\"wpforms-472\"><form id=\"wpforms-form-472\" class=\"wpforms-validate wpforms-form wpforms-ajax-form\" data-formid=\"472\" method=\"post\" enctype=\"multipart\/form-data\" action=\"\/en\/wp-json\/wp\/v2\/pages\/470\" data-token=\"f9a6f10ab410daf660c8883537f67d19\" data-token-time=\"1778335760\"><noscript class=\"wpforms-error-noscript\">Please enable JavaScript in your browser to complete this form.<\/noscript><div id=\"wpforms-error-noscript\" style=\"display: none;\">Please enable JavaScript in your browser to complete this form.<\/div><div class=\"wpforms-field-container\"><div id=\"wpforms-472-field_6-container\" class=\"wpforms-field wpforms-field-layout\" data-field-id=\"6\"><div class=\"wpforms-field-layout-columns wpforms-field-layout-preset-50-50\"><div class=\"wpforms-layout-column wpforms-layout-column-50\" ><div id=\"wpforms-472-field_17-container\" class=\"wpforms-field wpforms-field-name\" data-field-id=\"17\"><label class=\"wpforms-field-label wpforms-label-hide\" for=\"wpforms-472-field_17\" aria-hidden=\"false\">Name <span class=\"wpforms-required-label\" aria-hidden=\"true\">*<\/span><\/label><input type=\"text\" id=\"wpforms-472-field_17\" class=\"wpforms-field-medium wpforms-field-required\" name=\"wpforms[fields][17]\" placeholder=\"Vor- und Nachname*\" aria-errormessage=\"wpforms-472-field_17-error\" required><\/div><div id=\"wpforms-472-field_16-container\" class=\"wpforms-field wpforms-field-text\" data-field-id=\"16\"><label class=\"wpforms-field-label wpforms-label-hide\" for=\"wpforms-472-field_16\" aria-hidden=\"false\">Unternehmen<\/label><input type=\"text\" id=\"wpforms-472-field_16\" class=\"wpforms-field-medium\" name=\"wpforms[fields][16]\" placeholder=\"Unternehmen\" aria-errormessage=\"wpforms-472-field_16-error\" ><\/div><div id=\"wpforms-472-field_19-container\" class=\"wpforms-field wpforms-field-text\" data-field-id=\"19\"><label class=\"wpforms-field-label wpforms-label-hide\" for=\"wpforms-472-field_19\" aria-hidden=\"false\">Telefon<\/label><input type=\"text\" id=\"wpforms-472-field_19\" class=\"wpforms-field-medium wpforms-limit-characters-enabled\" data-form-id=\"472\" data-field-id=\"19\" data-text-limit=\"25\" name=\"wpforms[fields][19]\" placeholder=\"Telefon\" aria-errormessage=\"wpforms-472-field_19-error\" maxlength=\"25\" ><\/div><\/div><div class=\"wpforms-layout-column wpforms-layout-column-50\" ><div id=\"wpforms-472-field_15-container\" class=\"wpforms-field wpforms-field-email\" data-field-id=\"15\"><label class=\"wpforms-field-label wpforms-label-hide\" for=\"wpforms-472-field_15\" aria-hidden=\"false\">E-Mail <span class=\"wpforms-required-label\" aria-hidden=\"true\">*<\/span><\/label><input type=\"email\" id=\"wpforms-472-field_15\" class=\"wpforms-field-medium wpforms-field-required\" name=\"wpforms[fields][15]\" placeholder=\"E-Mail*\" spellcheck=\"false\" aria-errormessage=\"wpforms-472-field_15-error\" required><\/div><div id=\"wpforms-472-field_5-container\" class=\"wpforms-field wpforms-field-textarea\" data-field-id=\"5\"><label class=\"wpforms-field-label wpforms-label-hide\" for=\"wpforms-472-field_5\" aria-hidden=\"false\">Nachricht<\/label><textarea id=\"wpforms-472-field_5\" class=\"wpforms-field-medium wpforms-limit-characters-enabled\" data-form-id=\"472\" data-field-id=\"5\" data-text-limit=\"1000\" name=\"wpforms[fields][5]\" placeholder=\"Nachricht\" aria-errormessage=\"wpforms-472-field_5-error\" maxlength=\"1000\" ><\/textarea><\/div><\/div><\/div><\/div><div id=\"wpforms-472-field_8-container\" class=\"wpforms-field wpforms-field-checkbox\" data-field-id=\"8\"><fieldset><legend class=\"wpforms-field-label\">DSGVO-Konformit\u00e4t <span class=\"wpforms-required-label\" aria-hidden=\"true\">*<\/span><\/legend><ul id=\"wpforms-472-field_8\" class=\"wpforms-field-required\"><li class=\"choice-1 depth-1\"><input type=\"checkbox\" id=\"wpforms-472-field_8_1\" name=\"wpforms[fields][8][]\" value=\"Mit dem Versand des Formulars best\u00e4tige ich, dass ich die Datenschutzerkl\u00e4rung gelesen habe und akzeptiere diese. Ich erkl\u00e4re mich weiter damit einverstanden, dass meine eingesandten Daten zum Beantworten der Anfrage gespeichert und verarbeitet werden.\" aria-errormessage=\"wpforms-472-field_8_1-error\" required ><label class=\"wpforms-field-label-inline\" for=\"wpforms-472-field_8_1\">Mit dem Versand des Formulars best\u00e4tige ich, dass ich die Datenschutzerkl\u00e4rung gelesen habe und akzeptiere diese. Ich erkl\u00e4re mich weiter damit einverstanden, dass meine eingesandten Daten zum Beantworten der Anfrage gespeichert und verarbeitet werden.<\/label><\/li><\/ul><\/fieldset><\/div><\/div><!-- .wpforms-field-container --><div class=\"wpforms-submit-container\" ><input type=\"hidden\" name=\"wpforms[id]\" value=\"472\"><input type=\"hidden\" name=\"page_title\" value=\"\"><input type=\"hidden\" name=\"page_url\" value=\"https:\/\/www.tzdo.de\/en\/wp-json\/wp\/v2\/pages\/470\"><input type=\"hidden\" name=\"url_referer\" value=\"\"><button type=\"submit\" name=\"wpforms[submit]\" id=\"wpforms-submit-472\" class=\"wpforms-submit\" data-alt-text=\"senden\u2026\" data-submit-text=\"senden\" aria-live=\"assertive\" value=\"wpforms-submit\">senden<\/button><img loading=\"lazy\" decoding=\"async\" src=\"https:\/\/www.tzdo.de\/wp-content\/plugins\/wpforms\/assets\/images\/submit-spin.svg\" class=\"wpforms-submit-spinner\" style=\"display: none;\" width=\"26\" height=\"26\" alt=\"Loading\"><\/div><\/form><\/div>  <!-- .wpforms-container --><\/div><\/div><div class=\"wpb_column vc_column_container\"><div class=\"vc_column-inner\"><\/div><\/div><\/div><\/div><\/section><section class=\"l-section wpb_row height_large width_full with_img\"><div class=\"l-section-img\" role=\"img\" aria-label=\"Image\" data-img-width=\"3124\" data-img-height=\"1302\" style=\"background-image: url(https:\/\/www.tzdo.de\/wp-content\/uploads\/Bildschirmfoto-2024-04-04-um-16.21.41.png);background-repeat: no-repeat;\"><\/div><div class=\"l-section-overlay\" style=\"background:rgba(255,255,255,0.70)\"><\/div><div class=\"l-section-h i-cf\"><div class=\"g-cols vc_row via_grid cols_1 laptops-cols_inherit tablets-cols_inherit mobiles-cols_1 valign_middle type_default stacking_default\"><div class=\"wpb_column vc_column_container\"><div class=\"vc_column-inner\"><div class=\"w-separator size_custom\" style=\"height:28vh\"><\/div><\/div><\/div><\/div><\/div><\/section><section class=\"l-section wpb_row height_auto width_custom\" style=\"--site-content-width:1060px;\"><div class=\"l-section-h i-cf\"><div class=\"g-cols vc_row via_grid cols_1 laptops-cols_inherit tablets-cols_inherit mobiles-cols_1 valign_top type_default stacking_default\"><div data-us-scroll=\"{&quot;from_initial_position&quot;:&quot;0&quot;,&quot;start_position&quot;:&quot;0%&quot;,&quot;end_position&quot;:&quot;50%&quot;,&quot;delay&quot;:&quot;0s&quot;,&quot;opacity_direction&quot;:&quot;out-in&quot;}\" class=\"wpb_column vc_column_container us_custom_5283602c has_scroll_effects has_opacity\"><div class=\"vc_column-inner\"><div class=\"g-cols wpb_row us_custom_54f1111c via_grid cols_2-3 laptops-cols_inherit tablets-cols_inherit mobiles-cols_1 valign_top type_default stacking_default\" style=\"--columns-gap:0.5rem;\"><div class=\"wpb_column vc_column_container us_custom_5ddb2b96 has_bg_color\"><div class=\"vc_column-inner\"><\/div><\/div><div class=\"wpb_column vc_column_container us_custom_7e3cca0a\"><div class=\"vc_column-inner\"><div class=\"w-separator size_small\"><\/div><div class=\"wpb_text_column\"><div class=\"wpb_wrapper\"><h2>Anfahrt<\/h2>\n<p>TechnologieZentrumDortmund GmbH<br \/>\nEmil-Figge-Stra\u00dfe 80<br \/>\n44227 Dortmund<\/p>\n<\/div><\/div><div class=\"w-separator size_small\"><\/div><div class=\"w-btn-wrapper align_none\"><a class=\"w-btn us-btn-style_1\" target=\"_blank\" href=\"https:\/\/www.google.de\/maps\/place\/TechnologieZentrumDortmund+GmbH\/@51.4929338,7.4038061,16z\/data=!3m1!4b1!4m6!3m5!1s0x47b919ad137b443f:0xc73f6af4f8d40c39!8m2!3d51.4929338!4d7.406381!16s\/g\/1tg14tww?entry=ttu\"><span class=\"w-btn-label\">Route planen<\/span><\/a><\/div><div class=\"w-separator size_small\"><\/div><\/div><\/div><\/div><\/div><\/div><\/div><\/div><\/section>\n","protected":false},"excerpt":{"rendered":"Contact us: Please feel free to contact us at any time. We will get back to you as soon as possible. Please enable JavaScript in your browser to complete this form.Please enable JavaScript in your browser to complete this form.Name *CompanyPhoneEmail *MessageGDPR compliance *By submitting this form, I confirm that I have read the privacy policy and accept it. I...","protected":false},"author":1,"featured_media":0,"parent":0,"menu_order":0,"comment_status":"closed","ping_status":"closed","template":"","meta":{"_acf_changed":false,"footnotes":""},"class_list":["post-470","page","type-page","status-publish","hentry"],"acf":[],"yoast_head":"<!-- This site is optimized with the Yoast SEO plugin v27.5 - https:\/\/yoast.com\/product\/yoast-seo-wordpress\/ -->\n<title>Kontakt - TechnologieZentrumDortmund<\/title>\n<meta name=\"robots\" content=\"index, follow, max-snippet:-1, max-image-preview:large, max-video-preview:-1\" \/>\n<link rel=\"canonical\" href=\"https:\/\/www.tzdo.de\/en\/kontakt\/\" \/>\n<meta property=\"og:locale\" content=\"en_GB\" \/>\n<meta property=\"og:type\" content=\"article\" \/>\n<meta property=\"og:title\" content=\"Kontakt - TechnologieZentrumDortmund\" \/>\n<meta property=\"og:url\" content=\"https:\/\/www.tzdo.de\/en\/kontakt\/\" \/>\n<meta property=\"og:site_name\" content=\"TechnologieZentrumDortmund\" \/>\n<meta property=\"article:publisher\" content=\"https:\/\/www.facebook.com\/TZDortmund\/\" \/>\n<meta property=\"article:modified_time\" content=\"2024-11-13T09:28:19+00:00\" \/>\n<meta name=\"twitter:card\" content=\"summary_large_image\" \/>\n<meta name=\"twitter:label1\" content=\"Estimated reading time\" \/>\n\t<meta name=\"twitter:data1\" content=\"1 minute\" \/>\n<script type=\"application\/ld+json\" class=\"yoast-schema-graph\">{\"@context\":\"https:\\\/\\\/schema.org\",\"@graph\":[{\"@type\":\"WebPage\",\"@id\":\"https:\\\/\\\/www.tzdo.de\\\/kontakt\\\/\",\"url\":\"https:\\\/\\\/www.tzdo.de\\\/kontakt\\\/\",\"name\":\"Kontakt - TechnologieZentrumDortmund\",\"isPartOf\":{\"@id\":\"https:\\\/\\\/www.tzdo.de\\\/#website\"},\"datePublished\":\"2024-05-16T07:52:41+00:00\",\"dateModified\":\"2024-11-13T09:28:19+00:00\",\"breadcrumb\":{\"@id\":\"https:\\\/\\\/www.tzdo.de\\\/kontakt\\\/#breadcrumb\"},\"inLanguage\":\"en-GB\",\"potentialAction\":[{\"@type\":\"ReadAction\",\"target\":[\"https:\\\/\\\/www.tzdo.de\\\/kontakt\\\/\"]}]},{\"@type\":\"BreadcrumbList\",\"@id\":\"https:\\\/\\\/www.tzdo.de\\\/kontakt\\\/#breadcrumb\",\"itemListElement\":[{\"@type\":\"ListItem\",\"position\":1,\"name\":\"Startseite\",\"item\":\"https:\\\/\\\/www.tzdo.de\\\/\"},{\"@type\":\"ListItem\",\"position\":2,\"name\":\"Kontakt\"}]},{\"@type\":\"WebSite\",\"@id\":\"https:\\\/\\\/www.tzdo.de\\\/#website\",\"url\":\"https:\\\/\\\/www.tzdo.de\\\/\",\"name\":\"TechnologieZentrumDortmund\",\"description\":\"\",\"publisher\":{\"@id\":\"https:\\\/\\\/www.tzdo.de\\\/#organization\"},\"potentialAction\":[{\"@type\":\"SearchAction\",\"target\":{\"@type\":\"EntryPoint\",\"urlTemplate\":\"https:\\\/\\\/www.tzdo.de\\\/?s={search_term_string}\"},\"query-input\":{\"@type\":\"PropertyValueSpecification\",\"valueRequired\":true,\"valueName\":\"search_term_string\"}}],\"inLanguage\":\"en-GB\"},{\"@type\":\"Organization\",\"@id\":\"https:\\\/\\\/www.tzdo.de\\\/#organization\",\"name\":\"TechnologieZentrumDortmund\",\"url\":\"https:\\\/\\\/www.tzdo.de\\\/\",\"logo\":{\"@type\":\"ImageObject\",\"inLanguage\":\"en-GB\",\"@id\":\"https:\\\/\\\/www.tzdo.de\\\/#\\\/schema\\\/logo\\\/image\\\/\",\"url\":\"https:\\\/\\\/www.tzdo.de\\\/wp-content\\\/uploads\\\/TZDO_Logo_RGB.png\",\"contentUrl\":\"https:\\\/\\\/www.tzdo.de\\\/wp-content\\\/uploads\\\/TZDO_Logo_RGB.png\",\"width\":604,\"height\":454,\"caption\":\"TechnologieZentrumDortmund\"},\"image\":{\"@id\":\"https:\\\/\\\/www.tzdo.de\\\/#\\\/schema\\\/logo\\\/image\\\/\"},\"sameAs\":[\"https:\\\/\\\/www.facebook.com\\\/TZDortmund\\\/\",\"https:\\\/\\\/www.instagram.com\\\/technologiezentrumdortmund\\\/\"]}]}<\/script>\n<!-- \/ Yoast SEO plugin. -->","yoast_head_json":{"title":"Contact - TechnologieZentrumDortmund","robots":{"index":"index","follow":"follow","max-snippet":"max-snippet:-1","max-image-preview":"max-image-preview:large","max-video-preview":"max-video-preview:-1"},"canonical":"https:\/\/www.tzdo.de\/en\/kontakt\/","og_locale":"en_GB","og_type":"article","og_title":"Kontakt - TechnologieZentrumDortmund","og_url":"https:\/\/www.tzdo.de\/en\/kontakt\/","og_site_name":"TechnologieZentrumDortmund","article_publisher":"https:\/\/www.facebook.com\/TZDortmund\/","article_modified_time":"2024-11-13T09:28:19+00:00","twitter_card":"summary_large_image","twitter_misc":{"Estimated reading time":"1 minute"},"schema":{"@context":"https:\/\/schema.org","@graph":[{"@type":"WebPage","@id":"https:\/\/www.tzdo.de\/kontakt\/","url":"https:\/\/www.tzdo.de\/kontakt\/","name":"Contact - TechnologieZentrumDortmund","isPartOf":{"@id":"https:\/\/www.tzdo.de\/#website"},"datePublished":"2024-05-16T07:52:41+00:00","dateModified":"2024-11-13T09:28:19+00:00","breadcrumb":{"@id":"https:\/\/www.tzdo.de\/kontakt\/#breadcrumb"},"inLanguage":"en-GB","potentialAction":[{"@type":"ReadAction","target":["https:\/\/www.tzdo.de\/kontakt\/"]}]},{"@type":"BreadcrumbList","@id":"https:\/\/www.tzdo.de\/kontakt\/#breadcrumb","itemListElement":[{"@type":"ListItem","position":1,"name":"Startseite","item":"https:\/\/www.tzdo.de\/"},{"@type":"ListItem","position":2,"name":"Kontakt"}]},{"@type":"WebSite","@id":"https:\/\/www.tzdo.de\/#website","url":"https:\/\/www.tzdo.de\/","name":"TechnologieZentrumDortmund","description":"","publisher":{"@id":"https:\/\/www.tzdo.de\/#organization"},"potentialAction":[{"@type":"SearchAction","target":{"@type":"EntryPoint","urlTemplate":"https:\/\/www.tzdo.de\/?s={search_term_string}"},"query-input":{"@type":"PropertyValueSpecification","valueRequired":true,"valueName":"search_term_string"}}],"inLanguage":"en-GB"},{"@type":"Organization","@id":"https:\/\/www.tzdo.de\/#organization","name":"TechnologieZentrumDortmund","url":"https:\/\/www.tzdo.de\/","logo":{"@type":"ImageObject","inLanguage":"en-GB","@id":"https:\/\/www.tzdo.de\/#\/schema\/logo\/image\/","url":"https:\/\/www.tzdo.de\/wp-content\/uploads\/TZDO_Logo_RGB.png","contentUrl":"https:\/\/www.tzdo.de\/wp-content\/uploads\/TZDO_Logo_RGB.png","width":604,"height":454,"caption":"TechnologieZentrumDortmund"},"image":{"@id":"https:\/\/www.tzdo.de\/#\/schema\/logo\/image\/"},"sameAs":["https:\/\/www.facebook.com\/TZDortmund\/","https:\/\/www.instagram.com\/technologiezentrumdortmund\/"]}]}},"_links":{"self":[{"href":"https:\/\/www.tzdo.de\/en\/wp-json\/wp\/v2\/pages\/470","targetHints":{"allow":["GET"]}}],"collection":[{"href":"https:\/\/www.tzdo.de\/en\/wp-json\/wp\/v2\/pages"}],"about":[{"href":"https:\/\/www.tzdo.de\/en\/wp-json\/wp\/v2\/types\/page"}],"author":[{"embeddable":true,"href":"https:\/\/www.tzdo.de\/en\/wp-json\/wp\/v2\/users\/1"}],"replies":[{"embeddable":true,"href":"https:\/\/www.tzdo.de\/en\/wp-json\/wp\/v2\/comments?post=470"}],"version-history":[{"count":26,"href":"https:\/\/www.tzdo.de\/en\/wp-json\/wp\/v2\/pages\/470\/revisions"}],"predecessor-version":[{"id":2152,"href":"https:\/\/www.tzdo.de\/en\/wp-json\/wp\/v2\/pages\/470\/revisions\/2152"}],"wp:attachment":[{"href":"https:\/\/www.tzdo.de\/en\/wp-json\/wp\/v2\/media?parent=470"}],"curies":[{"name":"wp","href":"https:\/\/api.w.org\/{rel}","templated":true}]}}