{"id":978,"date":"2024-08-07T16:31:36","date_gmt":"2024-08-07T14:31:36","guid":{"rendered":"https:\/\/tz.mosaik-management.de\/?page_id=978"},"modified":"2024-11-04T17:06:51","modified_gmt":"2024-11-04T16:06:51","slug":"impressum","status":"publish","type":"page","link":"https:\/\/www.tzdo.de\/en\/impressum\/","title":{"rendered":"Imprint"},"content":{"rendered":"<h1>Imprint<\/h1>\n<div class=\"row\">\n<div class=\"col-md-12\">\n<h2>Responsibility for this website<\/h2>\n<p><strong>TechnologieZentrumDortmund GmbH<\/strong><br \/>\nEmil-Figge-Str. 76 - 80<br \/>\n44227 Dortmund<br \/>\nPhone: : +49 231 97 42-100<br \/>\nFax: +49 231 97 42-395<br \/>\ne-mail:<span>\u00a0<\/span><a title=\"Link: contact(at)tzdo.de\" href=\"mailto:kontakt(at)tzdo.de\" target=\"_self\" rel=\"noopener\">contact(at)tzdo.de<\/a><\/p>\n<p><strong>Managing Director:<\/strong><br \/>\nDirk St\u00fcrmer (Chairman), Wulf-Christian Ehrich, Heike Marzen<\/p>\n<p><strong>Sales tax identification number:<\/strong><br \/>\nDE 124 727 254<\/p>\n<p><strong>Legal form:<\/strong><br \/>\nLimited liability company<\/p>\n<p><strong>Registered office of the company:<\/strong><br \/>\nDortmund<\/p>\n<p><strong>Dortmund Local Court:<\/strong><br \/>\nHRB 6860<\/p>\n<p><strong>Concept, design and technical realisation:<\/strong><br \/>\n<a href=\"http:\/\/mosaik-management.de\">MOSAIK MANAGEMENT GmbH<\/a><\/p>\n<p><strong>Image sources:<br \/>\n<\/strong><a href=\"http:\/\/stock.adobe.com\">Adobe Stock<\/a>, <a href=\"https:\/\/www.istockphoto.com\/de\">iStock<\/a>, <a href=\"https:\/\/www.openstreetmap.de\/\">OpenStreetMap<\/a><\/p>\n<p>&nbsp;<\/p>\n<p><strong>Disclaimer - Exclusion of liability<\/strong><\/p>\n<p>&nbsp;<\/p>\n<p><strong>Liability for content<\/strong><\/p>\n<p>As a service provider, we are responsible for our own content on these pages in accordance with Section 7 (1) TMG (German Telemedia Act) and general legislation. According to \u00a7\u00a7 8 to 10 TMG, however, we as a service provider are not obliged to monitor transmitted or stored third-party information or to investigate circumstances that indicate illegal activity.<\/p>\n<p>Obligations to remove or block the use of information in accordance with general legislation remain unaffected by this. However, liability in this respect is only possible from the time we become aware of a specific infringement. As soon as we become aware of such infringements, we will remove this content immediately.<\/p>\n<p>&nbsp;<\/p>\n<p><strong>Liability for links<\/strong><\/p>\n<p>Our website contains links to external third-party websites over whose content we have no influence. Therefore, we cannot accept any liability for this third-party content. The respective provider or operator of the pages is always responsible for the content of the linked pages. The linked pages were checked for possible legal violations at the time of linking. Illegal contents were not recognisable at the time of linking.<\/p>\n<p>However, permanent monitoring of the content of the linked pages is not reasonable without concrete evidence of an infringement. If we become aware of any legal infringements, we will remove such links immediately.<\/p>\n<p>&nbsp;<\/p>\n<p><strong>Copyright<\/strong><\/p>\n<p>The content and works created by the site operators on these pages are subject to German copyright law. Duplication, processing, distribution and any kind of utilisation outside the limits of copyright law require the written consent of the respective author or creator. Downloads and copies of this site are only permitted for private, non-commercial use.<\/p>\n<p>Insofar as the content on this site was not created by the operator, the copyrights of third parties are respected. In particular, third-party content is labelled as such. Should you nevertheless become aware of a copyright infringement, please inform us accordingly. If we become aware of any infringements, we will remove such content immediately.<\/p>\n<p>Source reference: eRecht24<\/p>\n<\/div>\n<\/div>","protected":false},"excerpt":{"rendered":"<p>Imprint Responsibility for this website TechnologieZentrumDortmund GmbH Emil-Figge-Str. 76 - 80 44227 Dortmund Tel.: +49 231 97 42-100 Fax: +49 231 97 42-395 E-Mail: kontakt(at)tzdo.de Managing Directors: Dirk St\u00fcrmer (Chairman), Wulf-Christian Ehrich, Heike Marzen Sales tax identification number: DE 124 727 254 Legal form: Limited liability company Registered office: Dortmund Local Court: HRB 6860 Concept, design and technical...<\/p>","protected":false},"author":1,"featured_media":0,"parent":0,"menu_order":0,"comment_status":"closed","ping_status":"closed","template":"","meta":{"_acf_changed":false,"footnotes":""},"class_list":["post-978","page","type-page","status-publish","hentry"],"acf":[],"yoast_head":"<!-- This site is optimized with the Yoast SEO plugin v27.4 - https:\/\/yoast.com\/product\/yoast-seo-wordpress\/ -->\n<title>Impressum - TechnologieZentrumDortmund<\/title>\n<meta name=\"robots\" content=\"index, follow, max-snippet:-1, max-image-preview:large, max-video-preview:-1\" \/>\n<link rel=\"canonical\" href=\"https:\/\/www.tzdo.de\/en\/impressum\/\" \/>\n<meta property=\"og:locale\" content=\"en_GB\" \/>\n<meta property=\"og:type\" content=\"article\" \/>\n<meta property=\"og:title\" content=\"Impressum - TechnologieZentrumDortmund\" \/>\n<meta property=\"og:description\" content=\"Impressum Verantwortlichkeit f\u00fcr diesen Internetauftritt TechnologieZentrumDortmund GmbH Emil-Figge-Str. 76 \u2013 80 44227 Dortmund Tel.: : +49 231 97 42-100 Fax: +49 231 97 42-395 E-Mail:\u00a0kontakt(at)tzdo.de Gesch\u00e4ftsf\u00fchrer: Dirk St\u00fcrmer (Vorsitzender), Wulf-Christian Ehrich, Heike Marzen Umsatzsteueridentifikationsnummer: DE 124 727 254 Rechtsform: Gesellschaft mit beschr\u00e4nkter Haftung Sitz der Gesellschaft: Dortmund Amtsgericht Dortmund: HRB 6860 Konzeption, Design und technische...\" \/>\n<meta property=\"og:url\" content=\"https:\/\/www.tzdo.de\/en\/impressum\/\" \/>\n<meta property=\"og:site_name\" content=\"TechnologieZentrumDortmund\" \/>\n<meta property=\"article:publisher\" content=\"https:\/\/www.facebook.com\/TZDortmund\/\" \/>\n<meta property=\"article:modified_time\" content=\"2024-11-04T16:06:51+00:00\" \/>\n<meta name=\"twitter:card\" content=\"summary_large_image\" \/>\n<meta name=\"twitter:label1\" content=\"Estimated reading time\" \/>\n\t<meta name=\"twitter:data1\" content=\"2 minutes\" \/>\n<script type=\"application\/ld+json\" class=\"yoast-schema-graph\">{\"@context\":\"https:\\\/\\\/schema.org\",\"@graph\":[{\"@type\":\"WebPage\",\"@id\":\"https:\\\/\\\/www.tzdo.de\\\/impressum\\\/\",\"url\":\"https:\\\/\\\/www.tzdo.de\\\/impressum\\\/\",\"name\":\"Impressum - TechnologieZentrumDortmund\",\"isPartOf\":{\"@id\":\"https:\\\/\\\/www.tzdo.de\\\/#website\"},\"datePublished\":\"2024-08-07T14:31:36+00:00\",\"dateModified\":\"2024-11-04T16:06:51+00:00\",\"breadcrumb\":{\"@id\":\"https:\\\/\\\/www.tzdo.de\\\/impressum\\\/#breadcrumb\"},\"inLanguage\":\"en-GB\",\"potentialAction\":[{\"@type\":\"ReadAction\",\"target\":[\"https:\\\/\\\/www.tzdo.de\\\/impressum\\\/\"]}]},{\"@type\":\"BreadcrumbList\",\"@id\":\"https:\\\/\\\/www.tzdo.de\\\/impressum\\\/#breadcrumb\",\"itemListElement\":[{\"@type\":\"ListItem\",\"position\":1,\"name\":\"Startseite\",\"item\":\"https:\\\/\\\/www.tzdo.de\\\/\"},{\"@type\":\"ListItem\",\"position\":2,\"name\":\"Impressum\"}]},{\"@type\":\"WebSite\",\"@id\":\"https:\\\/\\\/www.tzdo.de\\\/#website\",\"url\":\"https:\\\/\\\/www.tzdo.de\\\/\",\"name\":\"TechnologieZentrumDortmund\",\"description\":\"\",\"publisher\":{\"@id\":\"https:\\\/\\\/www.tzdo.de\\\/#organization\"},\"potentialAction\":[{\"@type\":\"SearchAction\",\"target\":{\"@type\":\"EntryPoint\",\"urlTemplate\":\"https:\\\/\\\/www.tzdo.de\\\/?s={search_term_string}\"},\"query-input\":{\"@type\":\"PropertyValueSpecification\",\"valueRequired\":true,\"valueName\":\"search_term_string\"}}],\"inLanguage\":\"en-GB\"},{\"@type\":\"Organization\",\"@id\":\"https:\\\/\\\/www.tzdo.de\\\/#organization\",\"name\":\"TechnologieZentrumDortmund\",\"url\":\"https:\\\/\\\/www.tzdo.de\\\/\",\"logo\":{\"@type\":\"ImageObject\",\"inLanguage\":\"en-GB\",\"@id\":\"https:\\\/\\\/www.tzdo.de\\\/#\\\/schema\\\/logo\\\/image\\\/\",\"url\":\"https:\\\/\\\/www.tzdo.de\\\/wp-content\\\/uploads\\\/TZDO_Logo_RGB.png\",\"contentUrl\":\"https:\\\/\\\/www.tzdo.de\\\/wp-content\\\/uploads\\\/TZDO_Logo_RGB.png\",\"width\":604,\"height\":454,\"caption\":\"TechnologieZentrumDortmund\"},\"image\":{\"@id\":\"https:\\\/\\\/www.tzdo.de\\\/#\\\/schema\\\/logo\\\/image\\\/\"},\"sameAs\":[\"https:\\\/\\\/www.facebook.com\\\/TZDortmund\\\/\",\"https:\\\/\\\/www.instagram.com\\\/technologiezentrumdortmund\\\/\"]}]}<\/script>\n<!-- \/ Yoast SEO plugin. -->","yoast_head_json":{"title":"Imprint - TechnologieZentrumDortmund","robots":{"index":"index","follow":"follow","max-snippet":"max-snippet:-1","max-image-preview":"max-image-preview:large","max-video-preview":"max-video-preview:-1"},"canonical":"https:\/\/www.tzdo.de\/en\/impressum\/","og_locale":"en_GB","og_type":"article","og_title":"Impressum - TechnologieZentrumDortmund","og_description":"Impressum Verantwortlichkeit f\u00fcr diesen Internetauftritt TechnologieZentrumDortmund GmbH Emil-Figge-Str. 76 \u2013 80 44227 Dortmund Tel.: : +49 231 97 42-100 Fax: +49 231 97 42-395 E-Mail:\u00a0kontakt(at)tzdo.de Gesch\u00e4ftsf\u00fchrer: Dirk St\u00fcrmer (Vorsitzender), Wulf-Christian Ehrich, Heike Marzen Umsatzsteueridentifikationsnummer: DE 124 727 254 Rechtsform: Gesellschaft mit beschr\u00e4nkter Haftung Sitz der Gesellschaft: Dortmund Amtsgericht Dortmund: HRB 6860 Konzeption, Design und technische...","og_url":"https:\/\/www.tzdo.de\/en\/impressum\/","og_site_name":"TechnologieZentrumDortmund","article_publisher":"https:\/\/www.facebook.com\/TZDortmund\/","article_modified_time":"2024-11-04T16:06:51+00:00","twitter_card":"summary_large_image","twitter_misc":{"Estimated reading time":"2 minutes"},"schema":{"@context":"https:\/\/schema.org","@graph":[{"@type":"WebPage","@id":"https:\/\/www.tzdo.de\/impressum\/","url":"https:\/\/www.tzdo.de\/impressum\/","name":"Imprint - TechnologieZentrumDortmund","isPartOf":{"@id":"https:\/\/www.tzdo.de\/#website"},"datePublished":"2024-08-07T14:31:36+00:00","dateModified":"2024-11-04T16:06:51+00:00","breadcrumb":{"@id":"https:\/\/www.tzdo.de\/impressum\/#breadcrumb"},"inLanguage":"en-GB","potentialAction":[{"@type":"ReadAction","target":["https:\/\/www.tzdo.de\/impressum\/"]}]},{"@type":"BreadcrumbList","@id":"https:\/\/www.tzdo.de\/impressum\/#breadcrumb","itemListElement":[{"@type":"ListItem","position":1,"name":"Startseite","item":"https:\/\/www.tzdo.de\/"},{"@type":"ListItem","position":2,"name":"Impressum"}]},{"@type":"WebSite","@id":"https:\/\/www.tzdo.de\/#website","url":"https:\/\/www.tzdo.de\/","name":"TechnologieZentrumDortmund","description":"","publisher":{"@id":"https:\/\/www.tzdo.de\/#organization"},"potentialAction":[{"@type":"SearchAction","target":{"@type":"EntryPoint","urlTemplate":"https:\/\/www.tzdo.de\/?s={search_term_string}"},"query-input":{"@type":"PropertyValueSpecification","valueRequired":true,"valueName":"search_term_string"}}],"inLanguage":"en-GB"},{"@type":"Organization","@id":"https:\/\/www.tzdo.de\/#organization","name":"TechnologieZentrumDortmund","url":"https:\/\/www.tzdo.de\/","logo":{"@type":"ImageObject","inLanguage":"en-GB","@id":"https:\/\/www.tzdo.de\/#\/schema\/logo\/image\/","url":"https:\/\/www.tzdo.de\/wp-content\/uploads\/TZDO_Logo_RGB.png","contentUrl":"https:\/\/www.tzdo.de\/wp-content\/uploads\/TZDO_Logo_RGB.png","width":604,"height":454,"caption":"TechnologieZentrumDortmund"},"image":{"@id":"https:\/\/www.tzdo.de\/#\/schema\/logo\/image\/"},"sameAs":["https:\/\/www.facebook.com\/TZDortmund\/","https:\/\/www.instagram.com\/technologiezentrumdortmund\/"]}]}},"_links":{"self":[{"href":"https:\/\/www.tzdo.de\/en\/wp-json\/wp\/v2\/pages\/978","targetHints":{"allow":["GET"]}}],"collection":[{"href":"https:\/\/www.tzdo.de\/en\/wp-json\/wp\/v2\/pages"}],"about":[{"href":"https:\/\/www.tzdo.de\/en\/wp-json\/wp\/v2\/types\/page"}],"author":[{"embeddable":true,"href":"https:\/\/www.tzdo.de\/en\/wp-json\/wp\/v2\/users\/1"}],"replies":[{"embeddable":true,"href":"https:\/\/www.tzdo.de\/en\/wp-json\/wp\/v2\/comments?post=978"}],"version-history":[{"count":5,"href":"https:\/\/www.tzdo.de\/en\/wp-json\/wp\/v2\/pages\/978\/revisions"}],"predecessor-version":[{"id":2050,"href":"https:\/\/www.tzdo.de\/en\/wp-json\/wp\/v2\/pages\/978\/revisions\/2050"}],"wp:attachment":[{"href":"https:\/\/www.tzdo.de\/en\/wp-json\/wp\/v2\/media?parent=978"}],"curies":[{"name":"wp","href":"https:\/\/api.w.org\/{rel}","templated":true}]}}